{"id":57926,"date":"2023-11-01T14:19:31","date_gmt":"2023-11-01T14:19:31","guid":{"rendered":"https:\/\/drivrutin.com\/?page_id=57926"},"modified":"2023-11-01T14:19:42","modified_gmt":"2023-11-01T14:19:42","slug":"varning","status":"publish","type":"page","link":"https:\/\/drivrutin.com\/?page_id=57926","title":{"rendered":"Varning"},"content":{"rendered":"<p><strong>Varning (Disclaimer)<\/strong><\/p>\n<p>Alla \u00e5sikter och \u00e5sikter som uttrycks h\u00e4r \u00e4r rent individuella \u00e5sikter.<\/p>\n<p><strong>E-post<\/strong><\/p>\n<p>E-postadressen som n\u00e4mns i kommentarsformul\u00e4ret kommer alltid att anv\u00e4ndas f\u00f6r integritet och aldrig anv\u00e4ndas f\u00f6r spam eller kommer att s\u00e4ljas till n\u00e5gon.<\/p>\n<p>Om du beh\u00f6ver mer information eller har n\u00e5gra fr\u00e5gor om v\u00e5r webbplatss ansvarsfriskrivning \u00e4r du v\u00e4lkommen att kontakta oss via e-post p\u00e5 <a href=\"https:\/\/drivrutin.com\/?page_id=26796\">kontaktformul\u00e4ret<\/a>.<\/p>\n<p>All information p\u00e5 denna webbplats publiceras i god tro och endast i allm\u00e4nt informationssyfte. Drivrutin.com l\u00e4mnar inga garantier om fullst\u00e4ndigheten, tillf\u00f6rlitligheten och riktigheten av denna information. Alla \u00e5tg\u00e4rder du vidtar med avseende p\u00e5 informationen du hittar p\u00e5 denna webbplats (Drivrutin.com), sker helt p\u00e5 din egen risk. Drivrutin.com kommer inte att h\u00e5llas ansvarigt f\u00f6r n\u00e5gra f\u00f6rluster och\/eller skador i samband med anv\u00e4ndningen av v\u00e5r webbplats.<\/p>\n<p>Fr\u00e5n v\u00e5r webbplats kan du bes\u00f6ka andra webbplatser genom att f\u00f6lja hyperl\u00e4nkar till s\u00e5dana externa webbplatser. \u00c4ven om vi str\u00e4var efter att endast tillhandah\u00e5lla kvalitetsl\u00e4nkar till anv\u00e4ndbara och etiska webbplatser, har vi ingen kontroll \u00f6ver inneh\u00e5llet och karakt\u00e4ren p\u00e5 dessa webbplatser. Dessa l\u00e4nkar till andra webbplatser inneb\u00e4r inte en rekommendation f\u00f6r allt inneh\u00e5ll som finns p\u00e5 dessa webbplatser. Webbplats\u00e4gare och inneh\u00e5ll kan \u00e4ndras utan f\u00f6reg\u00e5ende meddelande och kan intr\u00e4ffa innan vi har m\u00f6jlighet att ta bort en l\u00e4nk som kan ha blivit &#8217;d\u00e5lig&#8217;.<\/p>\n<p>Var ocks\u00e5 medveten om att n\u00e4r du l\u00e4mnar v\u00e5r webbplats kan andra webbplatser ha andra integritetspolicyer och villkor som ligger utanf\u00f6r v\u00e5r kontroll. Var noga med att kontrollera integritetspolicyn f\u00f6r dessa webbplatser samt deras &#8217;Anv\u00e4ndarvillkor&#8217; innan du \u00e4gnar dig \u00e5t n\u00e5got f\u00f6retag eller laddar upp information.<\/p>\n<p><strong>Kommentarer<\/strong><\/p>\n<p>Vi \u00e4lskar kommentarer, men kommentarer som \u00e4r kr\u00e4nkande, sprider hat, ras eller p\u00e5 n\u00e5got s\u00e4tt som skadar n\u00e5gons \u00e5sikter kommer aldrig att underh\u00e5llas. Vi h\u00e5ller v\u00e5ra kommentarer modererade f\u00f6r att uppr\u00e4tth\u00e5lla individers integritet. Vi beh\u00e5ller alla r\u00e4ttigheter att acceptera eller avvisa kommentarerna.<\/p>\n<p><strong>Annonspolicy<\/strong><\/p>\n<p>Vi anv\u00e4nder tredjepartsreklamf\u00f6retag f\u00f6r att visa reklam. Vissa av dem som adsense anv\u00e4nder DART-cookien f\u00f6r att visa reklam baserat p\u00e5 anv\u00e4ndarens intresse och tidigare interaktion. \u00c4ven om anv\u00e4ndaren alltid kan v\u00e4lja bort DARt-cookieinst\u00e4llningar genom att bes\u00f6ka Googles sekretesspolicy f\u00f6r annonser och inneh\u00e5llsn\u00e4tverk (https:\/\/policies.google.com\/technologies\/ads).<\/p>\n<p><strong>Samtycke<\/strong><\/p>\n<p>Genom att anv\u00e4nda v\u00e5r webbplats samtycker du h\u00e4rmed till v\u00e5r ansvarsfriskrivning och godk\u00e4nner dess villkor.<\/p>\n<p>Denna friskrivningsklausul uppdaterades senast den: tisdag 1 januari 2018<\/p>\n<p>Skulle vi uppdatera, \u00e4ndra eller g\u00f6ra n\u00e5gra \u00e4ndringar i det h\u00e4r dokumentet kommer dessa \u00e4ndringar att publiceras tydligt h\u00e4r.<\/p>\n<div class=\"social-share-buttons\"><a href=\"https:\/\/www.facebook.com\/sharer\/sharer.php?u=https:\/\/drivrutin.com\/?page_id=57926\" target=\"_blank\" rel=\"noopener\">Facebook<\/a><a href=\"https:\/\/twitter.com\/intent\/tweet?url=https:\/\/drivrutin.com\/?page_id=57926&text=Varning\" target=\"_blank\" rel=\"noopener\">Twitter<\/a><a href=\"https:\/\/www.linkedin.com\/shareArticle?url=https:\/\/drivrutin.com\/?page_id=57926&title=Varning\" target=\"_blank\" rel=\"noopener\">LinkedIn<\/a><a href=\"https:\/\/pinterest.com\/pin\/create\/button\/?url=https:\/\/drivrutin.com\/?page_id=57926&description=Varning\" target=\"_blank\" rel=\"noopener\">Pinterest<\/a><\/div>","protected":false},"excerpt":{"rendered":"<p>Varning (Disclaimer) Alla \u00e5sikter och \u00e5sikter som uttrycks h\u00e4r \u00e4r rent individuella \u00e5sikter. E-post E-postadressen som n\u00e4mns i kommentarsformul\u00e4ret kommer alltid att anv\u00e4ndas f\u00f6r integritet och aldrig anv\u00e4ndas f\u00f6r spam eller kommer att s\u00e4ljas till n\u00e5gon. Om du beh\u00f6ver mer&hellip;<\/p>\n<p class=\"more-link-p\"><a class=\"more-link\" href=\"https:\/\/drivrutin.com\/?page_id=57926\">Read more &rarr;<\/a><\/p>\n","protected":false},"author":1,"featured_media":0,"parent":0,"menu_order":0,"comment_status":"closed","ping_status":"closed","template":"","meta":{"_lmt_disableupdate":"no","_lmt_disable":"","footnotes":""},"class_list":["post-57926","page","type-page","status-publish","hentry"],"_links":{"self":[{"href":"https:\/\/drivrutin.com\/index.php?rest_route=\/wp\/v2\/pages\/57926","targetHints":{"allow":["GET"]}}],"collection":[{"href":"https:\/\/drivrutin.com\/index.php?rest_route=\/wp\/v2\/pages"}],"about":[{"href":"https:\/\/drivrutin.com\/index.php?rest_route=\/wp\/v2\/types\/page"}],"author":[{"embeddable":true,"href":"https:\/\/drivrutin.com\/index.php?rest_route=\/wp\/v2\/users\/1"}],"replies":[{"embeddable":true,"href":"https:\/\/drivrutin.com\/index.php?rest_route=%2Fwp%2Fv2%2Fcomments&post=57926"}],"version-history":[{"count":1,"href":"https:\/\/drivrutin.com\/index.php?rest_route=\/wp\/v2\/pages\/57926\/revisions"}],"predecessor-version":[{"id":57927,"href":"https:\/\/drivrutin.com\/index.php?rest_route=\/wp\/v2\/pages\/57926\/revisions\/57927"}],"wp:attachment":[{"href":"https:\/\/drivrutin.com\/index.php?rest_route=%2Fwp%2Fv2%2Fmedia&parent=57926"}],"curies":[{"name":"wp","href":"https:\/\/api.w.org\/{rel}","templated":true}]}}