{"id":2,"date":"2020-08-27T11:44:26","date_gmt":"2020-08-27T11:44:26","guid":{"rendered":"https:\/\/drivrutin.com\/?page_id=2"},"modified":"2023-12-07T07:59:55","modified_gmt":"2023-12-07T07:59:55","slug":"sample-page","status":"publish","type":"page","link":"https:\/\/drivrutin.com\/","title":{"rendered":"Hj\u00e4lp med att ansluta och anv\u00e4nda datorutrustning. Ladda ner och installera programvara"},"content":{"rendered":"<p>Webbplatsen ger information om anv\u00e4ndning av datorer och programvara. Denna information finns i de tematiska avsnitten. P\u00e5 webbplatsen kan du ocks\u00e5 hitta svar p\u00e5 komplexa fr\u00e5gor som uppst\u00e5r n\u00e4r du anv\u00e4nder skrivare, skannrar, bildsk\u00e4rmar, b\u00e4rbara datorer och andra datorenheter.<\/p>\n<p>Om du inte vet hur du ansluter en extra enhet till din dator och beh\u00f6ver instruktioner om hur du ansluter den korrekt kan du anv\u00e4nda s\u00f6kf\u00e4ltet p\u00e5 den h\u00e4r webbplatsen (finns l\u00e4ngst upp till h\u00f6ger p\u00e5 alla sidor) eller skriva till oss.<\/p>\n<p>Programvara kr\u00e4vs f\u00f6r att anv\u00e4nda alla datorenheter. Vi rekommenderar att du anv\u00e4nder den originalprogramvara som medf\u00f6ljde din datorenhet. Om du inte har programvaran och inte kan hitta den p\u00e5 datortillverkarens webbplats kan vi hj\u00e4lpa dig. Ber\u00e4tta vilken modell av skrivare, skanner, bildsk\u00e4rm eller annan datorenhet du har, samt vilken version av operativsystemet (t.ex. Windows 11, Windows 10, Windows 8, etc.).<\/p>\n<p>Innan du anv\u00e4nder en skrivare, skanner, bildsk\u00e4rm eller annan datorenhet m\u00e5ste du installera drivrutinen, som vanligtvis finns p\u00e5 den diskett som medf\u00f6ljde enheten. Om det inte finns n\u00e5gon disk eller om den \u00e4r f\u00f6rlorad kan du ladda ner den n\u00f6dv\u00e4ndiga drivrutinen p\u00e5 webbplatsen. Utan en drivrutin kan operativsystemet inte uppt\u00e4cka den anslutna enheten.<\/p>\n<table style=\"border-collapse: collapse; width: 100%;\">\n<tbody>\n<tr>\n<td style=\"width: 100%;\"><img loading=\"lazy\" decoding=\"async\" class=\"size-full wp-image-58628 alignleft\" src=\"https:\/\/drivrutin.com\/wp-content\/uploads\/2023\/12\/installerar-drivrutinen.webp\" alt=\"Hur man installerar drivrutinen\" width=\"80\" height=\"65\" \/><a href=\"https:\/\/drivrutin.com\/?p=27461\">Hur man installerar drivrutinen om filen setup.exe saknas<\/a> och hur man installerar drivrutinen med hj\u00e4lp av filen .INF. I s\u00e5 fall \u00f6ppnar du den nedladdade filen som ska inneh\u00e5lla drivrutinen och anv\u00e4nder .INF-filen f\u00f6r att installera. I den h\u00e4r artikeln kommer vi att ber\u00e4tta och visa hur man installerar en drivrutin med hj\u00e4lp av en .INF-fil.<\/td>\n<\/tr>\n<tr>\n<td style=\"width: 100%;\"><img loading=\"lazy\" decoding=\"async\" class=\"size-full wp-image-58629 alignleft\" src=\"https:\/\/drivrutin.com\/wp-content\/uploads\/2023\/12\/programvara.webp\" alt=\"programvara f\u00f6r datorer\" width=\"80\" height=\"65\" \/><a href=\"https:\/\/drivrutin.com\/?p=26656\">Viktig programvara f\u00f6r alla datorer<\/a>. Om du k\u00f6pte en ny dator eller installerade om operativsystemet hittar du p\u00e5 den h\u00e4r sidan av webbplatsen all n\u00f6dv\u00e4ndig programvara och instruktioner f\u00f6r att installera den. Programvara f\u00f6r operativsystem: Windows 11, Windows 10, Windows 8.1, Windows 7, Windows Vista, Windows XP.<\/td>\n<\/tr>\n<tr>\n<td style=\"width: 100%;\"><img loading=\"lazy\" decoding=\"async\" class=\"size-full wp-image-58630 alignleft\" src=\"https:\/\/drivrutin.com\/wp-content\/uploads\/2023\/12\/Programvara-skanner.webp\" alt=\"Programvara f\u00f6r skanner\" width=\"80\" height=\"65\" \/><a href=\"https:\/\/drivrutin.com\/?p=39346\">Om du inte hittar n\u00e5gon skannerprogramvara<\/a> eller inte vet hur du ska anv\u00e4nda skannern f\u00f6r att skanna dokument och foton. Detta problem uppst\u00e5r eftersom vissa skrivare, skannrar och allt-i-ett-enheter endast har drivrutiner, men ingen specifik programvara f\u00f6r att hantera skannern.<\/td>\n<\/tr>\n<tr>\n<td style=\"width: 100%;\"><img loading=\"lazy\" decoding=\"async\" class=\"size-full wp-image-57729 alignleft\" src=\"https:\/\/drivrutin.com\/wp-content\/uploads\/2023\/09\/defective-pixels.jpg\" alt=\"defective pixels\" width=\"80\" height=\"65\" \/><a href=\"https:\/\/drivrutin.com\/?p=56887\">Hur man kontrollerar om det finns d\u00f6da pixlar p\u00e5 en TV-sk\u00e4rm eller datorsk\u00e4rm.<\/a> F\u00f6r verifiering beh\u00f6ver du bilder av r\u00f6tt, gr\u00f6nt och bl\u00e5tt, eftersom pixlar endast finns i dessa tre f\u00e4rger. Du beh\u00f6ver ocks\u00e5 bilder i vitt och svart, p\u00e5 vilka trasiga pixlar och andra brister \u00e4r tydligt synliga.<\/td>\n<\/tr>\n<\/tbody>\n<\/table>\n<p>En drivrutin \u00e4r ett systemprogram som har som uppgift att f\u00e5 n\u00e5gon form av h\u00e5rdvaruenhet, exempelvis modem eller skrivare, att fungera tillsammans med datorns operativsystem eller med andra program. Drivrutinen k\u00e4nner till alla de speciella styrkoder och kommandon som anv\u00e4nds f\u00f6r att styra h\u00e5rdvaran och g\u00f6r det m\u00f6jligt f\u00f6r operativsystemet att anv\u00e4nda h\u00e5rdvaran utan att beh\u00f6va k\u00e4nna till alla detaljer om hur enheten ska styras. Drivrutinernas kvalitet har stor betydelse f\u00f6r operativsystemens stabilitet.<\/p>\n<p>Programvara, ibland kallad mjukvara, efter det engelska software (sw), \u00e4r datorprogram, i betydelsen organiserade samlingar av data och maskininstruktioner, vilket utf\u00f6r en avsedd uppgift p\u00e5 ett datorsystem. Programvara skapas med hj\u00e4lp av programspr\u00e5k. Svenska datatermgruppen rekommenderar anv\u00e4ndandet av termen programvara ist\u00e4llet f\u00f6r mjukvara.<\/p>\n<p><img loading=\"lazy\" decoding=\"async\" class=\"alignnone wp-image-27001 size-full\" style=\"letter-spacing: 0.8px;\" src=\"https:\/\/drivrutin.com\/wp-content\/uploads\/2020\/09\/Programvara-for-PC.jpg\" alt=\"Ladda ner eller uppdatera drivrutiner och programvara f\u00f6r datorn\" width=\"550\" height=\"300\" srcset=\"https:\/\/drivrutin.com\/wp-content\/uploads\/2020\/09\/Programvara-for-PC.jpg 550w, https:\/\/drivrutin.com\/wp-content\/uploads\/2020\/09\/Programvara-for-PC-300x164.jpg 300w, https:\/\/drivrutin.com\/wp-content\/uploads\/2020\/09\/Programvara-for-PC-260x142.jpg 260w, https:\/\/drivrutin.com\/wp-content\/uploads\/2020\/09\/Programvara-for-PC-160x87.jpg 160w\" sizes=\"auto, (max-width: 550px) 100vw, 550px\" \/><\/p>\n<p>P\u00e5 webbplatsen kan du ladda ner drivrutiner (mjukvara) f\u00f6r Windows 11, Windows 10, Windows 8\/8.1, Windows 7 Vista XP (64-bitar \/ 32-bitars) Mac OS och andra operativsystem.<\/p>\n<p>Vi hoppas att v\u00e5r webbplats hj\u00e4lper dig att l\u00f6sa fr\u00e5gor av intresse.<\/p>\n<p>Tematiska delar av webbplatsen: <a href=\"https:\/\/drivrutin.com\/?cat=30\">Drivrutiner f\u00f6r A4Tech<\/a> \/ <a href=\"https:\/\/drivrutin.com\/?cat=40\">Drivrutiner f\u00f6r AVerMedia<\/a> \/ <a href=\"https:\/\/drivrutin.com\/?cat=20\">Drivrutiner f\u00f6r b\u00e4rbar dator, laptop<\/a> \/ <a href=\"https:\/\/drivrutin.com\/?cat=17\">Drivrutiner f\u00f6r b\u00e4rbar dator Acer<\/a> \/ <a href=\"https:\/\/drivrutin.com\/?cat=57\">Drivrutiner f\u00f6r b\u00e4rbar dator ASUS<\/a> \/ <a href=\"https:\/\/drivrutin.com\/?cat=39\">Drivrutiner f\u00f6r b\u00e4rbar dator DEXP<\/a> \/ <a href=\"https:\/\/drivrutin.com\/?cat=51\">Drivrutiner f\u00f6r b\u00e4rbar dator HP<\/a> \/ <a href=\"https:\/\/drivrutin.com\/?cat=34\">Drivrutiner f\u00f6r b\u00e4rbar dator Lenovo<\/a> \/ <a href=\"https:\/\/drivrutin.com\/?cat=7\">Drivrutiner f\u00f6r b\u00e4rbar dator Machenike<\/a> \/ <a href=\"https:\/\/drivrutin.com\/?cat=56\">Drivrutiner f\u00f6r b\u00e4rbar dator MEDION<\/a> \/ <a href=\"https:\/\/drivrutin.com\/?cat=18\">Drivrutiner f\u00f6r b\u00e4rbar dator MSI<\/a> \/ <a href=\"https:\/\/drivrutin.com\/?cat=16\">Drivrutiner f\u00f6r b\u00e4rbar dator Samsung<\/a> \/ <a href=\"https:\/\/drivrutin.com\/?cat=54\">Drivrutiner f\u00f6r bildsk\u00e4rm AOC<\/a> \/ <a href=\"https:\/\/drivrutin.com\/?cat=32\">Drivrutiner f\u00f6r bildsk\u00e4rm BenQ<\/a> \/ <a href=\"https:\/\/drivrutin.com\/?cat=67\">Drivrutiner f\u00f6r Brother<\/a> \/ <a href=\"https:\/\/drivrutin.com\/?cat=43\">Drivrutiner f\u00f6r Cougar<\/a> \/ <a href=\"https:\/\/drivrutin.com\/?cat=69\">Drivrutiner f\u00f6r FebSmart<\/a> \/ <a href=\"https:\/\/drivrutin.com\/?cat=3\">Drivrutiner f\u00f6r Fujitsu<\/a> \/ <a href=\"https:\/\/drivrutin.com\/?cat=74\">Drivrutiner f\u00f6r GAOMON<\/a> \/ <a href=\"https:\/\/drivrutin.com\/?cat=37\">Drivrutiner f\u00f6r Genius<\/a> \/ <a href=\"https:\/\/drivrutin.com\/?cat=52\">Drivrutiner f\u00f6r HAVIT<\/a> \/ <a href=\"https:\/\/drivrutin.com\/?cat=58\">Drivrutiner f\u00f6r Lite-ON (LITEON)<\/a> \/ <a href=\"https:\/\/drivrutin.com\/?cat=5\">Drivrutiner f\u00f6r Logitech<\/a> \/ <a href=\"https:\/\/drivrutin.com\/?cat=53\">Drivrutiner f\u00f6r Mionix<\/a> \/ <a href=\"https:\/\/drivrutin.com\/?cat=55\">Drivrutiner f\u00f6r Mitsubishi<\/a> \/ <a href=\"https:\/\/drivrutin.com\/?cat=76\">Drivrutiner f\u00f6r NexiGo<\/a> \/ <a href=\"https:\/\/drivrutin.com\/?cat=22\">Drivrutiner f\u00f6r NVIDIA GeForce<\/a> \/ <a href=\"https:\/\/drivrutin.com\/?cat=23\">Drivrutiner f\u00f6r NVIDIA Quadro<\/a> \/ <a href=\"https:\/\/drivrutin.com\/?cat=66\">Drivrutiner f\u00f6r ORICO<\/a> \/ <a href=\"https:\/\/drivrutin.com\/?cat=26\">Drivrutiner f\u00f6r Panasonic<\/a> \/ <a href=\"https:\/\/drivrutin.com\/?cat=27\">Drivrutiner f\u00f6r Razer<\/a> \/ <a href=\"https:\/\/drivrutin.com\/?cat=71\">Drivrutiner f\u00f6r Redragon<\/a> \/ <a href=\"https:\/\/drivrutin.com\/?cat=68\">Drivrutiner f\u00f6r Sabrent<\/a> \/ <a href=\"https:\/\/drivrutin.com\/?cat=50\">Drivrutiner f\u00f6r SEYPOS<\/a> \/ <a href=\"https:\/\/drivrutin.com\/?cat=59\">Drivrutiner f\u00f6r skanner Epson<\/a> \/ <a href=\"https:\/\/drivrutin.com\/?cat=41\">Drivrutiner f\u00f6r skanner Mustek<\/a> \/ <a href=\"https:\/\/drivrutin.com\/?cat=42\">Drivrutiner f\u00f6r skrivare DNP<\/a> \/ <a href=\"https:\/\/drivrutin.com\/?cat=11\">Drivrutiner f\u00f6r skrivare Epson<\/a> \/ <a href=\"https:\/\/drivrutin.com\/?cat=9\">Drivrutiner f\u00f6r skrivare HP<\/a> \/ <a href=\"https:\/\/drivrutin.com\/?cat=25\">Drivrutiner f\u00f6r skrivare Kyocera<\/a> \/ <a href=\"https:\/\/drivrutin.com\/?cat=13\">Drivrutiner f\u00f6r skrivare Lexmark<\/a> \/ <a href=\"https:\/\/drivrutin.com\/?cat=6\">Drivrutiner f\u00f6r skrivare och skanner Canon<\/a> \/ <a href=\"https:\/\/drivrutin.com\/?cat=28\">Drivrutiner f\u00f6r skrivare OKI<\/a> \/ <a href=\"https:\/\/drivrutin.com\/?cat=21\">Drivrutiner f\u00f6r skrivare Pantum<\/a> \/ <a href=\"https:\/\/drivrutin.com\/?cat=29\">Drivrutiner f\u00f6r skrivare Ricoh<\/a> \/ <a href=\"https:\/\/drivrutin.com\/?cat=15\">Drivrutiner f\u00f6r skrivare Samsung<\/a> \/ <a href=\"https:\/\/drivrutin.com\/?cat=60\">Drivrutiner f\u00f6r skrivare SATO<\/a> \/ <a href=\"https:\/\/drivrutin.com\/?cat=14\">Drivrutiner f\u00f6r skrivare Xerox<\/a> \/ <a href=\"https:\/\/drivrutin.com\/?cat=45\">Drivrutiner f\u00f6r ThunderX3<\/a> \/ <a href=\"https:\/\/drivrutin.com\/?cat=12\">Drivrutiner f\u00f6r TOSHIBA<\/a> \/ <a href=\"https:\/\/drivrutin.com\/?cat=70\">Drivrutiner f\u00f6r UGREEN<\/a> \/ <a href=\"https:\/\/drivrutin.com\/?cat=24\">Drivrutiner f\u00f6r VIA<\/a> \/ <a href=\"https:\/\/drivrutin.com\/?cat=46\">Drivrutiner f\u00f6r Wacom<\/a> \/ <a href=\"https:\/\/drivrutin.com\/?cat=75\">Drivrutiner f\u00f6r X-MEDIA<\/a> \/ <a href=\"https:\/\/drivrutin.com\/?cat=49\">Drivrutiner f\u00f6r XP-Pen<\/a> \/ <a href=\"https:\/\/drivrutin.com\/?cat=78\">iiyama Monitor Driver<\/a> \/ <a href=\"https:\/\/drivrutin.com\/?cat=2\">Programvara (Software)<\/a> \/ <a href=\"https:\/\/drivrutin.com\/?cat=65\">Programvara f\u00f6r HyperX<\/a> \/ <a href=\"https:\/\/drivrutin.com\/?cat=36\">Questions and answers<\/a> \/ <a href=\"https:\/\/drivrutin.com\/?cat=77\">UHURU Driver Download<\/a> \/ <a href=\"https:\/\/drivrutin.com\/?cat=1\">Uncategorized<\/a> \/ <a href=\"https:\/\/drivrutin.com\/?cat=10\">Ladda ner universell drivrutin<\/a> \/ <a href=\"https:\/\/drivrutin.com\/wp-content\/uploads\/2020\/09\/Programvara.jpg\" target=\"_blank\" rel=\"noopener noreferrer\">programvara<\/a><\/p>\n<div class=\"social-share-buttons\"><a href=\"https:\/\/www.facebook.com\/sharer\/sharer.php?u=https:\/\/drivrutin.com\/\" target=\"_blank\" rel=\"noopener\">Facebook<\/a><a href=\"https:\/\/twitter.com\/intent\/tweet?url=https:\/\/drivrutin.com\/&text=Hj%C3%A4lp+med+att+ansluta+och+anv%C3%A4nda+datorutrustning.+Ladda+ner+och+installera+programvara\" target=\"_blank\" rel=\"noopener\">Twitter<\/a><a href=\"https:\/\/www.linkedin.com\/shareArticle?url=https:\/\/drivrutin.com\/&title=Hj%C3%A4lp+med+att+ansluta+och+anv%C3%A4nda+datorutrustning.+Ladda+ner+och+installera+programvara\" target=\"_blank\" rel=\"noopener\">LinkedIn<\/a><a href=\"https:\/\/pinterest.com\/pin\/create\/button\/?url=https:\/\/drivrutin.com\/&description=Hj%C3%A4lp+med+att+ansluta+och+anv%C3%A4nda+datorutrustning.+Ladda+ner+och+installera+programvara\" target=\"_blank\" rel=\"noopener\">Pinterest<\/a><\/div>","protected":false},"excerpt":{"rendered":"<p>Webbplatsen ger information om anv\u00e4ndning av datorer och programvara. Denna information finns i de tematiska avsnitten. P\u00e5 webbplatsen kan du ocks\u00e5 hitta svar p\u00e5 komplexa fr\u00e5gor som uppst\u00e5r n\u00e4r du anv\u00e4nder skrivare, skannrar, bildsk\u00e4rmar, b\u00e4rbara datorer och andra datorenheter. Om&hellip;<\/p>\n<p class=\"more-link-p\"><a class=\"more-link\" href=\"https:\/\/drivrutin.com\/\">Read more &rarr;<\/a><\/p>\n","protected":false},"author":1,"featured_media":0,"parent":0,"menu_order":0,"comment_status":"closed","ping_status":"open","template":"","meta":{"_lmt_disableupdate":"no","_lmt_disable":"","footnotes":""},"class_list":["post-2","page","type-page","status-publish","hentry"],"_links":{"self":[{"href":"https:\/\/drivrutin.com\/index.php?rest_route=\/wp\/v2\/pages\/2","targetHints":{"allow":["GET"]}}],"collection":[{"href":"https:\/\/drivrutin.com\/index.php?rest_route=\/wp\/v2\/pages"}],"about":[{"href":"https:\/\/drivrutin.com\/index.php?rest_route=\/wp\/v2\/types\/page"}],"author":[{"embeddable":true,"href":"https:\/\/drivrutin.com\/index.php?rest_route=\/wp\/v2\/users\/1"}],"replies":[{"embeddable":true,"href":"https:\/\/drivrutin.com\/index.php?rest_route=%2Fwp%2Fv2%2Fcomments&post=2"}],"version-history":[{"count":38,"href":"https:\/\/drivrutin.com\/index.php?rest_route=\/wp\/v2\/pages\/2\/revisions"}],"predecessor-version":[{"id":58637,"href":"https:\/\/drivrutin.com\/index.php?rest_route=\/wp\/v2\/pages\/2\/revisions\/58637"}],"wp:attachment":[{"href":"https:\/\/drivrutin.com\/index.php?rest_route=%2Fwp%2Fv2%2Fmedia&parent=2"}],"curies":[{"name":"wp","href":"https:\/\/api.w.org\/{rel}","templated":true}]}}